{"id":173,"date":"2021-03-23T11:12:18","date_gmt":"2021-03-23T10:12:18","guid":{"rendered":"https:\/\/reva-design.com\/?page_id=173"},"modified":"2021-04-05T13:28:28","modified_gmt":"2021-04-05T11:28:28","slug":"bio","status":"publish","type":"page","link":"https:\/\/reva-design.com\/?page_id=173","title":{"rendered":"BIO"},"content":{"rendered":"\n<figure class=\"wp-block-image size-large is-resized\"><img loading=\"lazy\" decoding=\"async\" src=\"https:\/\/reva-design.com\/wp-content\/uploads\/2021\/04\/PORTRAIT-Emmanuel-CHARLIER-768x1024.jpg\" alt=\"\" class=\"wp-image-274\" width=\"158\" height=\"210\" srcset=\"https:\/\/reva-design.com\/wp-content\/uploads\/2021\/04\/PORTRAIT-Emmanuel-CHARLIER-768x1024.jpg 768w, https:\/\/reva-design.com\/wp-content\/uploads\/2021\/04\/PORTRAIT-Emmanuel-CHARLIER-225x300.jpg 225w, https:\/\/reva-design.com\/wp-content\/uploads\/2021\/04\/PORTRAIT-Emmanuel-CHARLIER.jpg 797w\" sizes=\"auto, (max-width: 158px) 100vw, 158px\" \/><\/figure>\n\n\n\n<p>Apr\u00e8s Polycr\u00e9a Paris, Ecole Pr\u00e9paratoire r\u00e9put\u00e9e dont il sort Major de Promotion, il enchaine avec l\u2019Ecole Sup\u00e9rieure Technique Priv\u00e9e d\u2019Arts Appliqu\u00e9s Pivaut \u00e0 Nantes, sp\u00e9cialit\u00e9s Design Produit et Design d\u2019Environnement.<\/p>\n\n\n\n<p>Lors d\u2019un stage de fin d\u2019ann\u00e9e, il est rep\u00e9r\u00e9 par le c\u00e9l\u00e8bre designer industriel Antoine Volanis, p\u00e8re de l\u2019Espace de Renault, et int\u00e8gre pendant deux ans son agence parisienne, jusqu\u2019\u00e0 finalement devenir son bras droit. Il y cr\u00e9e de nombreux produits industriels de grande consommation pour de prestigieux clients de part le monde (T\u00e9fal, Philips\u2026)<\/p>\n\n\n\n<p>En l\u2019an 2000, il d\u00e9cide de voler de ses propres ailes et fonde REVA..<br>D\u2019abord collaborateur free-lance de plusieurs designers et architectes de renom, notamment de Christian Ghion, Antoine Fritsch\u2026, il exerce en tant qu\u2019architecte d\u2019int\u00e9rieur ind\u00e9pendant et designer depuis maintenant plus de vingt ans : \u00ab un m\u00e9tier qui ne s\u2019apprend qu\u2019avec l\u2019exp\u00e9rience et le temps\u00bb.<\/p>\n\n\n\n<p>Amateur d\u2019art contemporain et collectionneur \u00e9clair\u00e9, passion qu\u2019il aime partager ou communiquer \u00e0 ses clients, il avoue avoir un faible pour les chantiers de particuliers : uniques, confidentiels et pr\u00e9cieux, qu\u2019il aime concevoir jusque dans les moindres d\u00e9tails.<\/p>\n\n\n\n<p>Mari\u00e9, 2 enfants, il vit et travaille \u00e0 Bourg-la-Reine.<\/p>\n","protected":false},"excerpt":{"rendered":"<p>Apr\u00e8s Polycr\u00e9a Paris, Ecole Pr\u00e9paratoire r\u00e9put\u00e9e dont il sort Major de Promotion, il enchaine avec l\u2019Ecole Sup\u00e9rieure Technique Priv\u00e9e d\u2019Arts Appliqu\u00e9s Pivaut \u00e0 Nantes, sp\u00e9cialit\u00e9s Design Produit et Design d\u2019Environnement. Lors d\u2019un stage de fin d\u2019ann\u00e9e, il est rep\u00e9r\u00e9 par le c\u00e9l\u00e8bre designer industriel Antoine Volanis, p\u00e8re de l\u2019Espace de Renault, et int\u00e8gre pendant deux &hellip; <\/p>\n<p class=\"link-more\"><a href=\"https:\/\/reva-design.com\/?page_id=173\" class=\"more-link\">Continuer la lecture<span class=\"screen-reader-text\"> de &laquo;&nbsp;BIO&nbsp;&raquo;<\/span><\/a><\/p>\n","protected":false},"author":1,"featured_media":0,"parent":0,"menu_order":0,"comment_status":"closed","ping_status":"closed","template":"","meta":{"footnotes":""},"class_list":["post-173","page","type-page","status-publish","hentry"],"_links":{"self":[{"href":"https:\/\/reva-design.com\/index.php?rest_route=\/wp\/v2\/pages\/173","targetHints":{"allow":["GET"]}}],"collection":[{"href":"https:\/\/reva-design.com\/index.php?rest_route=\/wp\/v2\/pages"}],"about":[{"href":"https:\/\/reva-design.com\/index.php?rest_route=\/wp\/v2\/types\/page"}],"author":[{"embeddable":true,"href":"https:\/\/reva-design.com\/index.php?rest_route=\/wp\/v2\/users\/1"}],"replies":[{"embeddable":true,"href":"https:\/\/reva-design.com\/index.php?rest_route=%2Fwp%2Fv2%2Fcomments&post=173"}],"version-history":[{"count":2,"href":"https:\/\/reva-design.com\/index.php?rest_route=\/wp\/v2\/pages\/173\/revisions"}],"predecessor-version":[{"id":276,"href":"https:\/\/reva-design.com\/index.php?rest_route=\/wp\/v2\/pages\/173\/revisions\/276"}],"wp:attachment":[{"href":"https:\/\/reva-design.com\/index.php?rest_route=%2Fwp%2Fv2%2Fmedia&parent=173"}],"curies":[{"name":"wp","href":"https:\/\/api.w.org\/{rel}","templated":true}]}}